{"id":777,"date":"2024-03-19T14:35:46","date_gmt":"2024-03-19T14:35:46","guid":{"rendered":"https:\/\/centre.dieufedieule.com\/?page_id=777"},"modified":"2025-11-25T15:58:06","modified_gmt":"2025-11-25T15:58:06","slug":"hebergement","status":"publish","type":"page","link":"https:\/\/centre.dieufedieule.com\/?page_id=777","title":{"rendered":"H\u00e9bergement"},"content":{"rendered":"<h1>\n<p style=\"text-align: center;\">Le centre<\/p>\n<\/h1>\n<h1>\n<p style=\"text-align: center;\">Chambres \/ Restaurant \/ Bar \/Piscine \/ Ferme<\/p>\n<\/h1>\n<div>\n<p style=\"text-align: center;\">L&rsquo;h\u00e9bergement du Centre Culturel Dieufe Dieule est situ\u00e9 \u00e0 Somone \u00e0 14km de Mbour.\u00a0<br \/>Le quartier est calme, les voisins sont agr\u00e9ables, avec une \u00e9cole \u00e0 proximit\u00e9. La plage est proche : 10 minutes \u00e0 pieds !<br \/>Vous trouverez des commerces \u00e0 proximit\u00e9.<\/p>\n<\/div>\n<h1>Les chambres<\/h1>\n<h1>21 chambres \u00e9quip\u00e9es tout confort avec salle de bain privatives<\/h1>\n<div>\n<p>Vous trouverez des chambres compos\u00e9es de lits simples, lits jumeaux ou de lits doubles. Chaque chambre dispose d&rsquo;une salle de bain priv\u00e9e (baignoire ou douche) avec toilettes. Vous y trouverez \u00e9galement tout l&rsquo;\u00e9quipement n\u00e9cessaire pour y passer un excellent s\u00e9jour : linge de toilette et linge de lit,\u00a0 moustiquaire, ventilateur&#8230;<\/p>\n<p>\u00a0<\/p>\n<\/div>\n<p><p>\n        <a href=\"\/wp-content\/uploads\/tarifs-2025.pdf\">T\u00e9l\u00e9charger les tarifs des chambres<\/a>\n    <\/p>\n<\/p>\n<p><img decoding=\"async\" src=\"\/wp-content\/uploads\/les-chambres.jpg\" alt=\"\"><br \/>\n<img decoding=\"async\" src=\"\/wp-content\/uploads\/bar-et-restaurant.png\" alt=\"\"><\/p>\n<h1>Un Bar \/ Restaurant<\/h1>\n<h1>Ouvert tous les jours de 9h \u00e0 23h sans interruption<\/h1>\n<div>\n<ul>\n<li>Carte vari\u00e9e (viande &amp; poisson, plat &amp; jus locaux&#8230;)<\/li>\n<li>Plat du jour<\/li>\n<\/ul>\n<\/div>\n<h1>Une ferme &amp; un potager bio<\/h1>\n<h1>100 % Bio<\/h1>\n<div>\n<p>Vous retrouverez ces produits cuisin\u00e9s dans notre restaurant.<\/p>\n<p>Visite possible sur demande<\/p>\n<\/div>\n<p><img decoding=\"async\" src=\"\/wp-content\/uploads\/ferme-potager-bio.png\" alt=\"\"><br \/>\n<img decoding=\"async\" src=\"\/wp-content\/uploads\/piscine.jpg\" alt=\"\"><\/p>\n<h1>Une magnifique piscine<\/h1>\n<h1>Accessible \u00e0 tous<\/h1>\n<div>\n<p>Tarifs acc\u00e8s piscine \/ baignade : (pour une journ\u00e9e)<\/p>\n<ul>\n<li>de 0 \u00e0 6 ans : gratuit<\/li>\n<li>de 6 \u00e0 12 ans : 1500 XOF<\/li>\n<li>\u00e0 partir de 12 ans : 3000 XOF<\/li>\n<li>pour ceux qui s\u00e9journent \u00e0 l&rsquo;H\u00e9bergement : gratuit\u00a0<\/li>\n<\/ul>\n<p>Piscine &amp; baignade non surveill\u00e9e<br \/>Obligatoire : Port du maillot de bain &amp; douche avant de se baigner<br \/>Location de chichas (renseignements sur place)<\/p>\n<p>\u00a0<\/p>\n<\/div>\n<p><!--more--><br \/>\n<!-- {\"type\":\"layout\",\"children\":[{\"type\":\"section\",\"props\":{\"header_transparent_noplaceholder\":true,\"height\":\"section\",\"height_offset_top\":true,\"image_position\":\"center-center\",\"image_size\":\"cover\",\"image_width\":\"2560\",\"overlap\":true,\"padding\":\"small\",\"padding_remove_bottom\":false,\"padding_remove_top\":false,\"preserve_color\":false,\"style\":\"primary\",\"title_breakpoint\":\"xl\",\"title_position\":\"top-left\",\"title_rotation\":\"left\",\"vertical_align\":\"middle\",\"width\":\"large\"},\"children\":[{\"type\":\"row\",\"props\":{\"margin\":\"small\",\"margin_remove_bottom\":true,\"margin_remove_top\":true,\"row_gap\":\"small\",\"width\":\"large\"},\"children\":[{\"type\":\"column\",\"props\":{\"image_position\":\"center-center\",\"position_sticky_breakpoint\":\"m\",\"width_medium\":\"1-1\"},\"children\":[{\"type\":\"headline\",\"props\":{\"content\":\"\n\n<p style=\\\"text-align: center;\\\">Le centre<\\\/p>\",\"margin\":\"remove-vertical\",\"margin_remove_bottom\":true,\"margin_remove_top\":false,\"title_element\":\"h1\",\"title_style\":\"heading-small\"}},{\"type\":\"headline\",\"props\":{\"content\":\"\n\n<p style=\\\"text-align: center;\\\">Chambres \\\/ Restaurant \\\/ Bar \\\/Piscine \\\/ Ferme<\\\/p>\",\"margin\":\"remove-vertical\",\"margin_remove_bottom\":true,\"margin_remove_top\":true,\"title_element\":\"h1\",\"title_style\":\"h2\"}},{\"type\":\"text\",\"props\":{\"column_breakpoint\":\"m\",\"content\":\"\n\n<p style=\\\"text-align: center;\\\">L'h\\u00e9bergement du Centre Culturel Dieufe Dieule est situ\\u00e9 \\u00e0 Somone \\u00e0 14km de Mbour.\\u00a0<br \\\/>Le quartier est calme, les voisins sont agr\\u00e9ables, avec une \\u00e9cole \\u00e0 proximit\\u00e9. La plage est proche : 10 minutes \\u00e0 pieds !<br \\\/>Vous trouverez des commerces \\u00e0 proximit\\u00e9.<\\\/p>\",\"margin\":\"default\",\"text_style\":\"lead\"}}]}]}],\"name\":\"Ent\\u00eate\"},{\"type\":\"section\",\"props\":{\"image_position\":\"center-center\",\"overlap\":false,\"padding_remove_bottom\":true,\"padding_remove_top\":true,\"style\":\"default\",\"title_breakpoint\":\"xl\",\"title_position\":\"top-left\",\"title_rotation\":\"left\",\"vertical_align\":\"\",\"width\":\"xlarge\"},\"children\":[{\"type\":\"row\",\"props\":{\"layout\":\"1-2,1-2\",\"margin\":\"remove-vertical\",\"width\":\"large\"},\"children\":[{\"type\":\"column\",\"props\":{\"image_position\":\"center-center\",\"position_sticky_breakpoint\":\"m\",\"width_medium\":\"1-2\"},\"children\":[{\"type\":\"headline\",\"props\":{\"content\":\"Les chambres\",\"title_element\":\"h1\",\"title_style\":\"heading-small\"}},{\"type\":\"headline\",\"props\":{\"content\":\"21 chambres \\u00e9quip\\u00e9es tout confort avec salle de bain privatives\",\"title_element\":\"h1\",\"title_style\":\"h4\"}},{\"type\":\"text\",\"props\":{\"column_breakpoint\":\"m\",\"content\":\"\n\n<p>Vous trouverez des chambres compos\\u00e9es de lits simples, lits jumeaux ou de lits doubles. Chaque chambre dispose d'une salle de bain priv\\u00e9e (baignoire ou douche) avec toilettes. Vous y trouverez \\u00e9galement tout l'\\u00e9quipement n\\u00e9cessaire pour y passer un excellent s\\u00e9jour : linge de toilette et linge de lit,\\u00a0 moustiquaire, ventilateur...<\\\/p>\\n\n\n<p>\\u00a0<\\\/p>\",\"margin\":\"default\"}},{\"type\":\"button\",\"props\":{\"grid_column_gap\":\"small\",\"grid_row_gap\":\"small\",\"margin\":\"default\"},\"children\":[{\"type\":\"button_item\",\"props\":{\"button_style\":\"secondary\",\"content\":\"T\\u00e9l\\u00e9charger les tarifs des chambres\",\"dialog_layout\":\"modal\",\"dialog_offcanvas_flip\":true,\"icon\":\"file-pdf\",\"icon_align\":\"left\",\"link\":\"wp-content\\\/uploads\\\/tarifs-2025.pdf\",\"link_target\":\"blank\",\"link_title\":\"T\\u00e9l\\u00e9charger les tarifs des chambres\"}}]}]},{\"type\":\"column\",\"props\":{\"image_position\":\"center-center\",\"position_sticky_breakpoint\":\"m\",\"width_medium\":\"1-2\"},\"children\":[{\"type\":\"image\",\"props\":{\"image\":\"wp-content\\\/uploads\\\/les-chambres.jpg\",\"image_box_decoration\":\"primary\",\"image_box_decoration_inverse\":false,\"image_svg_color\":\"emphasis\",\"image_width\":\"500\",\"margin\":\"default\"}}]}]}],\"name\":\"Les chambres\"},{\"type\":\"section\",\"props\":{\"image_position\":\"center-center\",\"padding\":\"xsmall\",\"padding_remove_bottom\":false,\"padding_remove_top\":false,\"style\":\"default\",\"title_breakpoint\":\"xl\",\"title_position\":\"top-left\",\"title_rotation\":\"left\",\"vertical_align\":\"\",\"width\":\"xlarge\"},\"children\":[{\"type\":\"row\",\"props\":{\"layout\":\"1-2,1-2\",\"margin\":\"remove-vertical\",\"margin_remove_top\":false,\"width\":\"large\"},\"children\":[{\"type\":\"column\",\"props\":{\"image_position\":\"center-center\",\"position_sticky_breakpoint\":\"m\",\"width_medium\":\"1-2\"},\"children\":[{\"type\":\"image\",\"props\":{\"image\":\"wp-content\\\/uploads\\\/bar-et-restaurant.png\",\"image_box_decoration\":\"primary\",\"image_box_decoration_inverse\":false,\"image_svg_color\":\"emphasis\",\"image_width\":\"500\",\"margin\":\"default\"}}]},{\"type\":\"column\",\"props\":{\"image_position\":\"center-center\",\"position_sticky_breakpoint\":\"m\",\"width_medium\":\"1-2\"},\"children\":[{\"type\":\"headline\",\"props\":{\"content\":\"Un Bar \\\/ Restaurant\",\"title_element\":\"h1\",\"title_style\":\"heading-small\"}},{\"type\":\"headline\",\"props\":{\"content\":\"Ouvert tous les jours de 9h \\u00e0 23h sans interruption\",\"title_element\":\"h1\",\"title_style\":\"h4\"}},{\"type\":\"text\",\"props\":{\"column_breakpoint\":\"m\",\"content\":\"\n\n<ul>\\n\n\n<li>Carte vari\\u00e9e (viande &amp; poisson, plat &amp; jus locaux...)<\\\/li>\\n\n\n<li>Plat du jour<\\\/li>\\n<\\\/ul>\",\"margin\":\"default\"}}]}]}],\"name\":\"Un bar et un restaurant\"},{\"type\":\"section\",\"props\":{\"image_position\":\"center-center\",\"overlap\":false,\"padding\":\"none\",\"padding_remove_bottom\":true,\"padding_remove_top\":true,\"style\":\"default\",\"title_breakpoint\":\"xl\",\"title_position\":\"top-left\",\"title_rotation\":\"left\",\"vertical_align\":\"\",\"width\":\"large\"},\"children\":[{\"type\":\"row\",\"props\":{\"layout\":\"1-2,1-2\",\"margin\":\"remove-vertical\"},\"children\":[{\"type\":\"column\",\"props\":{\"image_position\":\"center-center\",\"position_sticky_breakpoint\":\"m\",\"width_medium\":\"1-2\"},\"children\":[{\"type\":\"headline\",\"props\":{\"content\":\"Une ferme &amp; un potager bio\",\"title_element\":\"h1\",\"title_style\":\"heading-small\"}},{\"type\":\"headline\",\"props\":{\"content\":\"100 % Bio\",\"title_element\":\"h1\",\"title_style\":\"h4\"}},{\"type\":\"text\",\"props\":{\"column_breakpoint\":\"m\",\"content\":\"\n\n<p>Vous retrouverez ces produits cuisin\\u00e9s dans notre restaurant.<\\\/p>\\n\n\n<p>Visite possible sur demande<\\\/p>\",\"margin\":\"default\"}}]},{\"type\":\"column\",\"props\":{\"image_position\":\"center-center\",\"position_sticky_breakpoint\":\"m\",\"width_medium\":\"1-2\"},\"children\":[{\"type\":\"image\",\"props\":{\"image\":\"wp-content\\\/uploads\\\/ferme-potager-bio.png\",\"image_box_decoration\":\"primary\",\"image_box_decoration_inverse\":false,\"image_svg_color\":\"emphasis\",\"image_width\":\"500\",\"margin\":\"default\"}}]}]}],\"name\":\"Une ferme & un potager bio\"},{\"type\":\"section\",\"props\":{\"image_position\":\"center-center\",\"padding\":\"small\",\"padding_remove_bottom\":true,\"padding_remove_top\":false,\"style\":\"default\",\"title_breakpoint\":\"xl\",\"title_position\":\"top-left\",\"title_rotation\":\"left\",\"vertical_align\":\"\",\"width\":\"large\"},\"children\":[{\"type\":\"row\",\"props\":{\"layout\":\"1-2,1-2\",\"margin_remove_bottom\":true,\"margin_remove_top\":true,\"width\":\"large\"},\"children\":[{\"type\":\"column\",\"props\":{\"image_position\":\"center-center\",\"position_sticky_breakpoint\":\"m\",\"width_medium\":\"1-2\"},\"children\":[{\"type\":\"image\",\"props\":{\"image\":\"wp-content\\\/uploads\\\/piscine.jpg\",\"image_box_decoration\":\"primary\",\"image_box_decoration_inverse\":false,\"image_svg_color\":\"emphasis\",\"image_width\":\"500\",\"margin\":\"default\"}}]},{\"type\":\"column\",\"props\":{\"image_position\":\"center-center\",\"position_sticky_breakpoint\":\"m\",\"width_medium\":\"1-2\"},\"children\":[{\"type\":\"headline\",\"props\":{\"content\":\"Une magnifique piscine\",\"title_element\":\"h1\",\"title_style\":\"heading-small\"}},{\"type\":\"headline\",\"props\":{\"content\":\"Accessible \\u00e0 tous\",\"title_element\":\"h1\",\"title_style\":\"h4\"}},{\"type\":\"text\",\"props\":{\"column_breakpoint\":\"m\",\"content\":\"\n\n<p>Tarifs acc\\u00e8s piscine \\\/ baignade : (pour une journ\\u00e9e)<\\\/p>\\n\n\n<ul>\\n\n\n<li>de 0 \\u00e0 6 ans : gratuit<\\\/li>\\n\n\n<li>de 6 \\u00e0 12 ans : 1500 XOF<\\\/li>\\n\n\n<li>\\u00e0 partir de 12 ans : 3000 XOF<\\\/li>\\n\n\n<li>pour ceux qui s\\u00e9journent \\u00e0 l'H\\u00e9bergement : gratuit\\u00a0<\\\/li>\\n<\\\/ul>\\n\n\n<p>Piscine &amp; baignade non surveill\\u00e9e<br \\\/>Obligatoire : Port du maillot de bain &amp; douche avant de se baigner<br \\\/>Location de chichas (renseignements sur place)<\\\/p>\\n\n\n<p>\\u00a0<\\\/p>\",\"margin\":\"default\"}}]}]}],\"name\":\"Une magnifique piscine\"}],\"version\":\"4.5.11\"} --><\/p>\n","protected":false},"excerpt":{"rendered":"<p>Le centre Chambres \/ Restaurant \/ Bar \/Piscine \/ Ferme L&rsquo;h\u00e9bergement du Centre Culturel Dieufe Dieule est situ\u00e9 \u00e0 Somone \u00e0 14km de Mbour.\u00a0Le quartier est calme, les voisins sont agr\u00e9ables, avec une \u00e9cole \u00e0 proximit\u00e9. La plage est proche : 10 minutes \u00e0 pieds !Vous trouverez des commerces \u00e0 proximit\u00e9. Les chambres 21 chambres [&hellip;]<\/p>\n","protected":false},"author":1,"featured_media":0,"parent":0,"menu_order":0,"comment_status":"closed","ping_status":"closed","template":"","meta":{"footnotes":""},"class_list":["post-777","page","type-page","status-publish","hentry"],"_links":{"self":[{"href":"https:\/\/centre.dieufedieule.com\/index.php?rest_route=\/wp\/v2\/pages\/777","targetHints":{"allow":["GET"]}}],"collection":[{"href":"https:\/\/centre.dieufedieule.com\/index.php?rest_route=\/wp\/v2\/pages"}],"about":[{"href":"https:\/\/centre.dieufedieule.com\/index.php?rest_route=\/wp\/v2\/types\/page"}],"author":[{"embeddable":true,"href":"https:\/\/centre.dieufedieule.com\/index.php?rest_route=\/wp\/v2\/users\/1"}],"replies":[{"embeddable":true,"href":"https:\/\/centre.dieufedieule.com\/index.php?rest_route=%2Fwp%2Fv2%2Fcomments&post=777"}],"version-history":[{"count":3,"href":"https:\/\/centre.dieufedieule.com\/index.php?rest_route=\/wp\/v2\/pages\/777\/revisions"}],"predecessor-version":[{"id":1248,"href":"https:\/\/centre.dieufedieule.com\/index.php?rest_route=\/wp\/v2\/pages\/777\/revisions\/1248"}],"wp:attachment":[{"href":"https:\/\/centre.dieufedieule.com\/index.php?rest_route=%2Fwp%2Fv2%2Fmedia&parent=777"}],"curies":[{"name":"wp","href":"https:\/\/api.w.org\/{rel}","templated":true}]}}