{"id":1240,"date":"2025-11-25T15:35:11","date_gmt":"2025-11-25T15:35:11","guid":{"rendered":"https:\/\/centre.dieufedieule.com\/?page_id=1240"},"modified":"2025-11-25T15:55:28","modified_gmt":"2025-11-25T15:55:28","slug":"la-villa-bamba","status":"publish","type":"page","link":"https:\/\/centre.dieufedieule.com\/?page_id=1240","title":{"rendered":"La villa Bamba"},"content":{"rendered":"<h1>\n<p style=\"text-align: center;\">Villa Bamba<\/p>\n<\/h1>\n<h1>\n<p style=\"text-align: center;\">Logement entier\/ Appartements \/ Piscine\u00a0<\/p>\n<\/h1>\n<h1>La villa<\/h1>\n<h1><span>6 chambres, 7 salle d&rsquo;eau, 2 cuisines, 2 grands salons, 1 balcon-terrasse &amp; 1 toit terrasse<\/span><\/h1>\n<div>\n<p><span>Une magnifique piscine avec petite cascade &amp; jeu de lumi\u00e8res<\/span><br \/><span>Les prestations gardien &amp; femme de m\u00e9nage sont incluses dans le tarif, ainsi que l&rsquo;\u00e9lectricit\u00e9 &amp; le wifi<\/span><\/p>\n<p><span>Endroit calme &amp; s\u00e9curis\u00e9, non loin de la plage<\/span><\/p>\n<\/p>\n<\/div>\n<p><p>\n        <a href=\"https:\/\/www.airbnb.fr\/rooms\/1550744898191175847?fbclid=IwY2xjawOSrXdleHRuA2FlbQIxMABicmlkETBlVDg3UWEyN3NGQzY5eEljc3J0YwZhcHBfaWQQMjIyMDM5MTc4ODIwMDg5MgABHnbdq33p2oXp_0Wn7pN_vr_p-clJgOxEqFwS91vtyhpFmstVeFD-YDie6Xg2_aem_D2KjvsHp_o0aW2Py_nSj1Q&#038;viralityEntryPoint=1&#038;unique_share_id=587F43D8-76ED-4705-9F39-2A174BFE9DDE&#038;slcid=3de0ce536210417cb1562c5298dd1b1f&#038;s=76&#038;feature=share&#038;set_everest_cookie_on_new_domain=1764085287.EAODZjMDQzYjNjN2Y0Yj.4Pp5-2hXSyuBfh0qRRmfbaNFcqmQO41AicRNy0nltpc&#038;adults=1&#038;channel=native&#038;slug=5LeewZaK&#038;source_impression_id=p3_1764085289_P3OSI3fGUemoLPwm&#038;check_in=2025-12-09&#038;guests=1&#038;check_out=2025-12-13\">R\u00e9server sur Airbnb<\/a>\n    <\/p>\n<\/p>\n<p><img decoding=\"async\" src=\"\/wp-content\/uploads\/villa-bamba.jpeg\" alt=\"\"><\/p>\n<p><!--more--><br \/>\n<!-- {\"type\":\"layout\",\"children\":[{\"type\":\"section\",\"props\":{\"header_transparent_noplaceholder\":true,\"height\":\"section\",\"height_offset_top\":true,\"image_position\":\"center-center\",\"image_size\":\"cover\",\"image_width\":\"2560\",\"overlap\":true,\"padding\":\"small\",\"padding_remove_bottom\":false,\"padding_remove_top\":false,\"preserve_color\":false,\"style\":\"primary\",\"title_breakpoint\":\"xl\",\"title_position\":\"top-left\",\"title_rotation\":\"left\",\"vertical_align\":\"middle\",\"width\":\"large\"},\"children\":[{\"type\":\"row\",\"props\":{\"margin\":\"small\",\"margin_remove_bottom\":true,\"margin_remove_top\":true,\"row_gap\":\"small\",\"width\":\"large\"},\"children\":[{\"type\":\"column\",\"props\":{\"image_position\":\"center-center\",\"position_sticky_breakpoint\":\"m\",\"width_medium\":\"1-1\"},\"children\":[{\"type\":\"headline\",\"props\":{\"content\":\"\n\n<p style=\\\"text-align: center;\\\">Villa Bamba<\\\/p>\",\"margin\":\"remove-vertical\",\"margin_remove_bottom\":true,\"margin_remove_top\":false,\"title_element\":\"h1\",\"title_style\":\"heading-small\"}},{\"type\":\"headline\",\"props\":{\"content\":\"\n\n<p style=\\\"text-align: center;\\\">Logement entier\\\/ Appartements \\\/ Piscine\\u00a0<\\\/p>\",\"margin\":\"remove-vertical\",\"margin_remove_bottom\":true,\"margin_remove_top\":true,\"title_element\":\"h1\",\"title_style\":\"h2\"}}]}]}],\"name\":\"Ent\\u00eate\"},{\"type\":\"section\",\"props\":{\"image_position\":\"center-center\",\"overlap\":false,\"padding_remove_bottom\":true,\"padding_remove_top\":true,\"style\":\"default\",\"title_breakpoint\":\"xl\",\"title_position\":\"top-left\",\"title_rotation\":\"left\",\"vertical_align\":\"\",\"width\":\"xlarge\"},\"children\":[{\"type\":\"row\",\"props\":{\"layout\":\"1-2,1-2\",\"margin\":\"remove-vertical\",\"width\":\"large\"},\"children\":[{\"type\":\"column\",\"props\":{\"image_position\":\"center-center\",\"position_sticky_breakpoint\":\"m\",\"width_medium\":\"1-2\"},\"children\":[{\"type\":\"headline\",\"props\":{\"content\":\"La villa\",\"title_element\":\"h1\",\"title_style\":\"heading-small\"}},{\"type\":\"headline\",\"props\":{\"content\":\"<span>6 chambres, 7 salle d'eau, 2 cuisines, 2 grands salons, 1 balcon-terrasse &amp; 1 toit terrasse<\\\/span>\",\"title_element\":\"h1\",\"title_style\":\"h4\"}},{\"type\":\"text\",\"props\":{\"column_breakpoint\":\"m\",\"content\":\"\n\n<p><span>Une magnifique piscine avec petite cascade &amp; jeu de lumi\\u00e8res<\\\/span><br \\\/><span>Les prestations gardien &amp; femme de m\\u00e9nage sont incluses dans le tarif, ainsi que l'\\u00e9lectricit\\u00e9 &amp; le wifi<\\\/span><\\\/p>\\n\n\n<p><span>Endroit calme &amp; s\\u00e9curis\\u00e9, non loin de la plage<\\\/span><\\\/p>\\n\n\n<p><\\\/p>\",\"margin\":\"default\"}},{\"type\":\"button\",\"props\":{\"grid_column_gap\":\"small\",\"grid_row_gap\":\"small\",\"margin\":\"default\"},\"children\":[{\"type\":\"button_item\",\"props\":{\"button_style\":\"secondary\",\"content\":\"R\\u00e9server sur Airbnb\",\"dialog_layout\":\"modal\",\"dialog_offcanvas_flip\":true,\"icon\":\"forward\",\"icon_align\":\"left\",\"link\":\"https:\\\/\\\/www.airbnb.fr\\\/rooms\\\/1550744898191175847?fbclid=IwY2xjawOSrXdleHRuA2FlbQIxMABicmlkETBlVDg3UWEyN3NGQzY5eEljc3J0YwZhcHBfaWQQMjIyMDM5MTc4ODIwMDg5MgABHnbdq33p2oXp_0Wn7pN_vr_p-clJgOxEqFwS91vtyhpFmstVeFD-YDie6Xg2_aem_D2KjvsHp_o0aW2Py_nSj1Q&viralityEntryPoint=1&unique_share_id=587F43D8-76ED-4705-9F39-2A174BFE9DDE&slcid=3de0ce536210417cb1562c5298dd1b1f&s=76&feature=share&set_everest_cookie_on_new_domain=1764085287.EAODZjMDQzYjNjN2Y0Yj.4Pp5-2hXSyuBfh0qRRmfbaNFcqmQO41AicRNy0nltpc&adults=1&channel=native&slug=5LeewZaK&source_impression_id=p3_1764085289_P3OSI3fGUemoLPwm&check_in=2025-12-09&guests=1&check_out=2025-12-13\",\"link_target\":\"blank\",\"link_title\":\"R\\u00e9server sur Airbnb\"}}]}]},{\"type\":\"column\",\"props\":{\"image_position\":\"center-center\",\"position_sticky_breakpoint\":\"m\",\"width_medium\":\"1-2\"},\"children\":[{\"type\":\"image\",\"props\":{\"image\":\"wp-content\\\/uploads\\\/villa-bamba.jpeg\",\"image_box_decoration\":\"primary\",\"image_box_decoration_inverse\":false,\"image_svg_color\":\"emphasis\",\"image_width\":\"500\",\"margin\":\"default\"}}]}]}],\"name\":\"La villa\"}],\"version\":\"4.5.11\"} --><\/p>\n","protected":false},"excerpt":{"rendered":"<p>Villa Bamba Logement entier\/ Appartements \/ Piscine\u00a0 La villa 6 chambres, 7 salle d&rsquo;eau, 2 cuisines, 2 grands salons, 1 balcon-terrasse &amp; 1 toit terrasse Une magnifique piscine avec petite cascade &amp; jeu de lumi\u00e8resLes prestations gardien &amp; femme de m\u00e9nage sont incluses dans le tarif, ainsi que l&rsquo;\u00e9lectricit\u00e9 &amp; le wifi Endroit calme &amp; [&hellip;]<\/p>\n","protected":false},"author":3,"featured_media":0,"parent":0,"menu_order":0,"comment_status":"closed","ping_status":"closed","template":"","meta":{"footnotes":""},"class_list":["post-1240","page","type-page","status-publish","hentry"],"_links":{"self":[{"href":"https:\/\/centre.dieufedieule.com\/index.php?rest_route=\/wp\/v2\/pages\/1240","targetHints":{"allow":["GET"]}}],"collection":[{"href":"https:\/\/centre.dieufedieule.com\/index.php?rest_route=\/wp\/v2\/pages"}],"about":[{"href":"https:\/\/centre.dieufedieule.com\/index.php?rest_route=\/wp\/v2\/types\/page"}],"author":[{"embeddable":true,"href":"https:\/\/centre.dieufedieule.com\/index.php?rest_route=\/wp\/v2\/users\/3"}],"replies":[{"embeddable":true,"href":"https:\/\/centre.dieufedieule.com\/index.php?rest_route=%2Fwp%2Fv2%2Fcomments&post=1240"}],"version-history":[{"count":3,"href":"https:\/\/centre.dieufedieule.com\/index.php?rest_route=\/wp\/v2\/pages\/1240\/revisions"}],"predecessor-version":[{"id":1246,"href":"https:\/\/centre.dieufedieule.com\/index.php?rest_route=\/wp\/v2\/pages\/1240\/revisions\/1246"}],"wp:attachment":[{"href":"https:\/\/centre.dieufedieule.com\/index.php?rest_route=%2Fwp%2Fv2%2Fmedia&parent=1240"}],"curies":[{"name":"wp","href":"https:\/\/api.w.org\/{rel}","templated":true}]}}